{"id":208931,"date":"2024-10-11T16:30:34","date_gmt":"2024-10-11T14:30:34","guid":{"rendered":"https:\/\/jacquelinebreden.com\/?page_id=208931"},"modified":"2025-12-03T21:45:40","modified_gmt":"2025-12-03T20:45:40","slug":"jacqueline","status":"publish","type":"page","link":"https:\/\/jacquelinebreden.com\/?page_id=208931","title":{"rendered":"Jacqueline"},"content":{"rendered":"<p>[et_pb_section fb_built=&#8220;1&#8243; specialty=&#8220;on&#8220; _builder_version=&#8220;4.16&#8243; _module_preset=&#8220;default&#8220; global_colors_info=&#8220;{}&#8220;][et_pb_column type=&#8220;3_4&#8243; specialty_columns=&#8220;3&#8243; _builder_version=&#8220;4.16&#8243; custom_padding=&#8220;|||&#8220; global_colors_info=&#8220;{}&#8220; custom_padding__hover=&#8220;|||&#8220;][et_pb_row_inner _builder_version=&#8220;4.16&#8243; _module_preset=&#8220;default&#8220; global_colors_info=&#8220;{}&#8220;][et_pb_column_inner saved_specialty_column_type=&#8220;3_4&#8243; _builder_version=&#8220;4.16&#8243; _module_preset=&#8220;default&#8220; global_colors_info=&#8220;{}&#8220;][et_pb_text admin_label=&#8220;Title&#8220; _builder_version=&#8220;4.16&#8243; text_font=&#8220;||||&#8220; text_text_color=&#8220;#3e3f56&#8243; header_font=&#8220;Times New Roman||||||||&#8220; header_text_color=&#8220;#444235&#8243; header_font_size=&#8220;50px&#8220; header_line_height=&#8220;1.3em&#8220; background_size=&#8220;initial&#8220; background_position=&#8220;top_left&#8220; background_repeat=&#8220;repeat&#8220; module_alignment=&#8220;center&#8220; custom_margin=&#8220;|22px||||&#8220; custom_padding=&#8220;|80px||||&#8220; header_font_size_tablet=&#8220;&#8220; header_font_size_phone=&#8220;44px&#8220; header_font_size_last_edited=&#8220;on|phone&#8220; global_colors_info=&#8220;{}&#8220;]<\/p>\n<h1>Tach du sch\u00f6ner Mensch!<\/h1>\n<p>[\/et_pb_text][et_pb_text admin_label=&#8220;Subtitle&#8220; _builder_version=&#8220;4.27.4&#8243; text_font=&#8220;Open Sans||||||||&#8220; text_font_size=&#8220;17px&#8220; text_line_height=&#8220;1.9em&#8220; background_size=&#8220;initial&#8220; background_position=&#8220;top_left&#8220; background_repeat=&#8220;repeat&#8220; max_width=&#8220;800px&#8220; module_alignment=&#8220;center&#8220; custom_margin=&#8220;-43px|||||&#8220; custom_padding=&#8220;|||&#8220; animation_style=&#8220;slide&#8220; animation_direction=&#8220;bottom&#8220; animation_delay=&#8220;50ms&#8220; animation_intensity_slide=&#8220;10%&#8220; hover_enabled=&#8220;0&#8243; global_colors_info=&#8220;{}&#8220; sticky_enabled=&#8220;0&#8243;]<\/p>\n<p>Ich bin auf Reise. Kommst du mit?<\/p>\n<p>&nbsp;<\/p>\n<p>[\/et_pb_text][\/et_pb_column_inner][\/et_pb_row_inner][et_pb_row_inner column_structure=&#8220;1_2,1_2&#8243; _builder_version=&#8220;4.27.4&#8243; _module_preset=&#8220;default&#8220; hover_enabled=&#8220;0&#8243; global_colors_info=&#8220;{}&#8220; sticky_enabled=&#8220;0&#8243; custom_margin=&#8220;-48px|||||&#8220;][et_pb_column_inner type=&#8220;1_2&#8243; saved_specialty_column_type=&#8220;3_4&#8243; _builder_version=&#8220;4.16&#8243; _module_preset=&#8220;default&#8220; global_colors_info=&#8220;{}&#8220;][et_pb_text admin_label=&#8220;Subtitle&#8220; _builder_version=&#8220;4.27.4&#8243; text_font=&#8220;Open Sans||||||||&#8220; text_font_size=&#8220;17px&#8220; text_line_height=&#8220;1.9em&#8220; background_size=&#8220;initial&#8220; background_position=&#8220;top_left&#8220; background_repeat=&#8220;repeat&#8220; max_width=&#8220;800px&#8220; module_alignment=&#8220;center&#8220; custom_margin=&#8220;|||&#8220; custom_padding=&#8220;|||&#8220; animation_style=&#8220;slide&#8220; animation_direction=&#8220;bottom&#8220; animation_delay=&#8220;50ms&#8220; animation_intensity_slide=&#8220;10%&#8220; hover_enabled=&#8220;0&#8243; global_colors_info=&#8220;{}&#8220; sticky_enabled=&#8220;0&#8243;]<\/p>\n<p>Ich bin Jacqueline und bei mir geht es darum wie wir Mama Erde und uns wieder ins Gleichgewicht bekommen! Mein Herz brennt mit jeder Faser f\u00fcr die Nat\u00fcrlichkeit. Seit meinem 6 Lebensmonat begleitet mich die Pflanzenheilkunde und hat mir seitdem durch vielen Krankheiten und schwere Zeiten geholfen. 2018 durfte ich dann die Kraft der \u00e4therischen \u00d6le kennenlernen, welche mein Leben auf so eine nachhaltige und wundervolle Art ver\u00e4ndert haben, dass ich dir mein Wissen &amp; meine Erfahrungen nicht vorenthalten will!<\/p>\n<p>&nbsp;<\/p>\n<p>[\/et_pb_text][\/et_pb_column_inner][et_pb_column_inner type=&#8220;1_2&#8243; saved_specialty_column_type=&#8220;3_4&#8243; _builder_version=&#8220;4.16&#8243; _module_preset=&#8220;default&#8220; global_colors_info=&#8220;{}&#8220;][et_pb_text admin_label=&#8220;Subtitle&#8220; _builder_version=&#8220;4.16&#8243; text_font=&#8220;Open Sans||||&#8220; text_text_color=&#8220;rgba(68,66,53,0.8)&#8220; text_font_size=&#8220;17px&#8220; text_line_height=&#8220;1.9em&#8220; background_size=&#8220;initial&#8220; background_position=&#8220;top_left&#8220; background_repeat=&#8220;repeat&#8220; max_width=&#8220;800px&#8220; module_alignment=&#8220;center&#8220; custom_margin=&#8220;|||&#8220; custom_padding=&#8220;|||&#8220; animation_style=&#8220;slide&#8220; animation_direction=&#8220;bottom&#8220; animation_delay=&#8220;50ms&#8220; animation_intensity_slide=&#8220;10%&#8220; global_colors_info=&#8220;{}&#8220;]<\/p>\n<p>Ich bin zutiefst davon \u00fcberzeugt, dass die Kraft der Natur einem jedem helfen wird, der sich daf\u00fcr \u00f6ffnet. Und weil so viele Stigmen und Glaubenss\u00e4tze rund um diesen Themenbereich bestehen, habe ich es mir zu Aufgabe gemacht aufzukl\u00e4ren. Meine Vision ist es, diesem Themenbereich eine neue Chance zu geben gesehen, geh\u00f6rt und angenommen zu werden. Zu sehen wie Menschen durch die Nat\u00fcrlichkeit zu mehr Gleichgewicht, Gesundheit und Lebensqualit\u00e4t kommen ist der Wind in meinen Segeln.<\/p>\n<p>[\/et_pb_text][\/et_pb_column_inner][\/et_pb_row_inner][\/et_pb_column][et_pb_column type=&#8220;1_4&#8243; _builder_version=&#8220;4.16&#8243; custom_padding=&#8220;|||&#8220; global_colors_info=&#8220;{}&#8220; custom_padding__hover=&#8220;|||&#8220;][et_pb_image src=&#8220;https:\/\/jacquelinebreden.com\/wp-content\/uploads\/2025\/12\/WhatsApp-Image-2025-12-03-at-21.33.14.jpeg&#8220; title_text=&#8220;WhatsApp Image 2025-12-03 at 21.33.14&#8243; _builder_version=&#8220;4.27.4&#8243; _module_preset=&#8220;default&#8220; custom_padding=&#8220;||3px|||&#8220; hover_enabled=&#8220;0&#8243; global_colors_info=&#8220;{}&#8220; sticky_enabled=&#8220;0&#8243;][\/et_pb_image][\/et_pb_column][\/et_pb_section][et_pb_section fb_built=&#8220;1&#8243; admin_label=&#8220;How we Met Section&#8220; _builder_version=&#8220;4.16&#8243; background_color=&#8220;rgba(209,197,186,0.16)&#8220; custom_padding=&#8220;120px||100px|&#8220; animation_direction=&#8220;bottom&#8220; global_colors_info=&#8220;{}&#8220;][et_pb_row column_structure=&#8220;1_2,1_2&#8243; admin_label=&#8220;How we Met&#8220; _builder_version=&#8220;4.16&#8243; background_size=&#8220;initial&#8220; background_position=&#8220;top_left&#8220; background_repeat=&#8220;repeat&#8220; animation_style=&#8220;zoom&#8220; animation_direction=&#8220;bottom&#8220; animation_intensity_zoom=&#8220;8%&#8220; global_colors_info=&#8220;{}&#8220;][et_pb_column type=&#8220;1_2&#8243; _builder_version=&#8220;4.16&#8243; custom_padding=&#8220;|||&#8220; global_colors_info=&#8220;{}&#8220; custom_padding__hover=&#8220;|||&#8220;][et_pb_image src=&#8220;https:\/\/jacquelinebreden.com\/wp-content\/uploads\/2024\/08\/Oele-Boho-scaled.jpg&#8220; title_text=&#8220;www.frauherz.de&#8220; force_fullwidth=&#8220;on&#8220; align_tablet=&#8220;center&#8220; align_phone=&#8220;center&#8220; align_last_edited=&#8220;on|desktop&#8220; _builder_version=&#8220;4.16&#8243; animation_style=&#8220;slide&#8220; animation_direction=&#8220;left&#8220; animation_duration=&#8220;500ms&#8220; animation_intensity_slide=&#8220;10%&#8220; global_colors_info=&#8220;{}&#8220;][\/et_pb_image][\/et_pb_column][et_pb_column type=&#8220;1_2&#8243; _builder_version=&#8220;4.16&#8243; custom_padding=&#8220;60px|||&#8220; global_colors_info=&#8220;{}&#8220; custom_padding__hover=&#8220;|||&#8220;][et_pb_text admin_label=&#8220;Title&#8220; _builder_version=&#8220;4.16&#8243; text_font=&#8220;||||&#8220; text_text_color=&#8220;#3e3f56&#8243; header_font=&#8220;Times New Roman||||||||&#8220; header_text_color=&#8220;#444235&#8243; header_font_size=&#8220;60px&#8220; header_line_height=&#8220;1.3em&#8220; background_size=&#8220;initial&#8220; background_position=&#8220;top_left&#8220; background_repeat=&#8220;repeat&#8220; module_alignment=&#8220;center&#8220; header_font_size_tablet=&#8220;&#8220; header_font_size_phone=&#8220;44px&#8220; header_font_size_last_edited=&#8220;on|phone&#8220; global_colors_info=&#8220;{}&#8220;]<\/p>\n<h1>Kintsugi<\/h1>\n<p>[\/et_pb_text][et_pb_text admin_label=&#8220;Subtitle&#8220; _builder_version=&#8220;4.16&#8243; text_font=&#8220;Open Sans||||&#8220; text_text_color=&#8220;rgba(68,66,53,0.8)&#8220; text_font_size=&#8220;17px&#8220; text_line_height=&#8220;1.9em&#8220; background_size=&#8220;initial&#8220; background_position=&#8220;top_left&#8220; background_repeat=&#8220;repeat&#8220; max_width=&#8220;800px&#8220; module_alignment=&#8220;center&#8220; custom_margin=&#8220;|||&#8220; custom_padding=&#8220;|||&#8220; animation_style=&#8220;slide&#8220; animation_direction=&#8220;bottom&#8220; animation_delay=&#8220;50ms&#8220; animation_intensity_slide=&#8220;10%&#8220; global_colors_info=&#8220;{}&#8220;]<\/p>\n<p>ist ein japanische Philosophie und sie lehrt die Wertsch\u00e4zung des Unvollkommenen. Eine heruntergefallene und kaputtgegangen Schale wird in dieser Kultur nicht weggeschmissen, sondern repariert und an den Bruchstellen mit Gold versehen. Warum erz\u00e4hle ich dir das?<\/p>\n<p>Jeder von uns tr\u00e4gt sichtbare und unsichtbare Narben, weil man verletzt wurde. Und jeder von uns ist auch der Grund daf\u00fcr warum ein andere Mensch eine oder mehrere Narben tr\u00e4gt, weil man etwas verletzendes getan oder gesagt hat.<\/p>\n<p>Sich diese Bruchstellen anzusehen und ihnen mit Liebe, Annahme, F\u00fcrsorge und Akzeptanz zu begegnen ist mein bisher gr\u00f6\u00dftes Learning, in dessen Prozess ich noch mittendrinn stecke. Alles was ich auf dieser Reise bereits gelernt habe und weiterhin lernen werde, teile ich mit dir. Um dich zu inspirieren, zu ermutigen und ein St\u00fcck weit zu st\u00fctzen. Um dir zu zeigen: Du bist damit nicht alleine!\u00a0<\/p>\n<p>[\/et_pb_text][\/et_pb_column][\/et_pb_row][\/et_pb_section][et_pb_section fb_built=&#8220;1&#8243; _builder_version=&#8220;4.16&#8243; _module_preset=&#8220;default&#8220; custom_padding=&#8220;||0px|||&#8220; global_colors_info=&#8220;{}&#8220;][et_pb_row _builder_version=&#8220;4.16&#8243; _module_preset=&#8220;default&#8220; global_colors_info=&#8220;{}&#8220;][et_pb_column type=&#8220;4_4&#8243; _builder_version=&#8220;4.16&#8243; _module_preset=&#8220;default&#8220; global_colors_info=&#8220;{}&#8220;][et_pb_text admin_label=&#8220;Title&#8220; _builder_version=&#8220;4.16&#8243; text_font=&#8220;||||&#8220; text_text_color=&#8220;#3e3f56&#8243; header_font=&#8220;Times New Roman||||||||&#8220; header_text_color=&#8220;#444235&#8243; header_font_size=&#8220;60px&#8220; header_line_height=&#8220;1.3em&#8220; background_size=&#8220;initial&#8220; background_position=&#8220;top_left&#8220; background_repeat=&#8220;repeat&#8220; module_alignment=&#8220;center&#8220; header_font_size_tablet=&#8220;&#8220; header_font_size_phone=&#8220;44px&#8220; header_font_size_last_edited=&#8220;on|phone&#8220; global_colors_info=&#8220;{}&#8220;]<\/p>\n<h1 style=\"text-align: center;\">Meine Grundpfeiler<\/h1>\n<p>[\/et_pb_text][\/et_pb_column][\/et_pb_row][\/et_pb_section][et_pb_section fb_built=&#8220;1&#8243; _builder_version=&#8220;4.16&#8243; _module_preset=&#8220;default&#8220; global_colors_info=&#8220;{}&#8220;][et_pb_row column_structure=&#8220;1_3,1_3,1_3&#8243; _builder_version=&#8220;4.16&#8243; _module_preset=&#8220;default&#8220; custom_margin=&#8220;-42px|auto||auto||&#8220; global_colors_info=&#8220;{}&#8220;][et_pb_column type=&#8220;1_3&#8243; _builder_version=&#8220;4.16&#8243; _module_preset=&#8220;default&#8220; global_colors_info=&#8220;{}&#8220;][et_pb_text admin_label=&#8220;Title&#8220; _builder_version=&#8220;4.16&#8243; text_font=&#8220;||||&#8220; text_text_color=&#8220;#3e3f56&#8243; header_font=&#8220;Times New Roman||||||||&#8220; header_text_color=&#8220;#444235&#8243; header_font_size=&#8220;27px&#8220; header_line_height=&#8220;1.3em&#8220; background_size=&#8220;initial&#8220; background_position=&#8220;top_left&#8220; background_repeat=&#8220;repeat&#8220; module_alignment=&#8220;center&#8220; custom_margin=&#8220;||13px|||&#8220; header_font_size_tablet=&#8220;&#8220; header_font_size_phone=&#8220;44px&#8220; header_font_size_last_edited=&#8220;on|phone&#8220; global_colors_info=&#8220;{}&#8220;]<\/p>\n<h1 style=\"text-align: center;\">Authenticity<\/h1>\n<p>[\/et_pb_text][et_pb_text admin_label=&#8220;Subtitle&#8220; _builder_version=&#8220;4.16&#8243; text_font=&#8220;Open Sans||||&#8220; text_text_color=&#8220;rgba(68,66,53,0.8)&#8220; text_font_size=&#8220;17px&#8220; text_line_height=&#8220;1.9em&#8220; background_size=&#8220;initial&#8220; background_position=&#8220;top_left&#8220; background_repeat=&#8220;repeat&#8220; max_width=&#8220;800px&#8220; module_alignment=&#8220;center&#8220; custom_margin=&#8220;19px|||||&#8220; custom_padding=&#8220;|||&#8220; animation_style=&#8220;slide&#8220; animation_direction=&#8220;bottom&#8220; animation_delay=&#8220;50ms&#8220; animation_intensity_slide=&#8220;10%&#8220; global_colors_info=&#8220;{}&#8220;]<\/p>\n<p>Weil Nat\u00fcrlichkeit bei dir anf\u00e4ngt. Auszudr\u00fccken wer du tief in dir bist, das Leben zu f\u00fchren welches du f\u00fcr dich leben m\u00f6chtest. Wahrhaftig und kompromisslos du zu sein mit jeder Macke, Ecke und Kante.<\/p>\n<p>[\/et_pb_text][\/et_pb_column][et_pb_column type=&#8220;1_3&#8243; _builder_version=&#8220;4.16&#8243; _module_preset=&#8220;default&#8220; global_colors_info=&#8220;{}&#8220;][et_pb_text admin_label=&#8220;Title&#8220; _builder_version=&#8220;4.16&#8243; text_font=&#8220;||||&#8220; text_text_color=&#8220;#3e3f56&#8243; header_font=&#8220;Times New Roman||||||||&#8220; header_text_color=&#8220;#444235&#8243; header_font_size=&#8220;28px&#8220; header_line_height=&#8220;1.3em&#8220; background_size=&#8220;initial&#8220; background_position=&#8220;top_left&#8220; background_repeat=&#8220;repeat&#8220; module_alignment=&#8220;center&#8220; header_font_size_tablet=&#8220;&#8220; header_font_size_phone=&#8220;44px&#8220; header_font_size_last_edited=&#8220;on|phone&#8220; global_colors_info=&#8220;{}&#8220;]<\/p>\n<h1 style=\"text-align: center;\">Awareness<\/h1>\n<p>[\/et_pb_text][et_pb_text admin_label=&#8220;Subtitle&#8220; _builder_version=&#8220;4.16&#8243; text_font=&#8220;Open Sans||||&#8220; text_text_color=&#8220;rgba(68,66,53,0.8)&#8220; text_font_size=&#8220;17px&#8220; text_line_height=&#8220;1.9em&#8220; background_size=&#8220;initial&#8220; background_position=&#8220;top_left&#8220; background_repeat=&#8220;repeat&#8220; max_width=&#8220;800px&#8220; module_alignment=&#8220;center&#8220; custom_margin=&#8220;-17px|||||&#8220; custom_padding=&#8220;|||&#8220; animation_style=&#8220;slide&#8220; animation_direction=&#8220;bottom&#8220; animation_delay=&#8220;50ms&#8220; animation_intensity_slide=&#8220;10%&#8220; global_colors_info=&#8220;{}&#8220;]<\/p>\n<p>Achtsamkeit schafft dir ein Bewusstsein wer du bist und wo du hin m\u00f6chtest. Umso achtsamer du bist umso besser lernst du dich kenne und verstehen. Umso mehr entsteht ein commitment f\u00fcr dich los zu gehen.<\/p>\n<p>[\/et_pb_text][\/et_pb_column][et_pb_column type=&#8220;1_3&#8243; _builder_version=&#8220;4.16&#8243; _module_preset=&#8220;default&#8220; global_colors_info=&#8220;{}&#8220;][et_pb_text admin_label=&#8220;Title&#8220; _builder_version=&#8220;4.16&#8243; text_font=&#8220;||||&#8220; text_text_color=&#8220;#3e3f56&#8243; header_font=&#8220;Times New Roman||||||||&#8220; header_text_color=&#8220;#444235&#8243; header_font_size=&#8220;27px&#8220; header_line_height=&#8220;1.3em&#8220; background_size=&#8220;initial&#8220; background_position=&#8220;top_left&#8220; background_repeat=&#8220;repeat&#8220; module_alignment=&#8220;center&#8220; header_font_size_tablet=&#8220;&#8220; header_font_size_phone=&#8220;44px&#8220; header_font_size_last_edited=&#8220;on|phone&#8220; global_colors_info=&#8220;{}&#8220;]<\/p>\n<h1 style=\"text-align: center;\">Alignment\u00a0<\/h1>\n<p>[\/et_pb_text][et_pb_text admin_label=&#8220;Subtitle&#8220; _builder_version=&#8220;4.16&#8243; text_font=&#8220;Open Sans||||&#8220; text_text_color=&#8220;rgba(68,66,53,0.8)&#8220; text_font_size=&#8220;17px&#8220; text_line_height=&#8220;1.9em&#8220; background_size=&#8220;initial&#8220; background_position=&#8220;top_left&#8220; background_repeat=&#8220;repeat&#8220; max_width=&#8220;800px&#8220; module_alignment=&#8220;center&#8220; custom_margin=&#8220;-17px|||||&#8220; custom_padding=&#8220;|||&#8220; animation_style=&#8220;slide&#8220; animation_direction=&#8220;bottom&#8220; animation_delay=&#8220;50ms&#8220; animation_intensity_slide=&#8220;10%&#8220; global_colors_info=&#8220;{}&#8220;]<\/p>\n<p>Ausrichtung deiner Werte, \u00dcberzeugungen, Glaubenss\u00e4tze, Gewohnheiten und noch so vielem mehr um dir einen inneren Kompass zu kreieren, der dich deiner Ziele wirklich n\u00e4her bringt.<\/p>\n<p>[\/et_pb_text][\/et_pb_column][\/et_pb_row][\/et_pb_section][et_pb_section fb_built=&#8220;1&#8243; _builder_version=&#8220;4.16&#8243; _module_preset=&#8220;default&#8220; global_colors_info=&#8220;{}&#8220;][\/et_pb_section]<\/p>\n","protected":false},"excerpt":{"rendered":"<p>Tach du sch\u00f6ner Mensch!Ich bin auf Reise. Kommst du mit? &nbsp;Ich bin Jacqueline und bei mir geht es darum wie wir Mama Erde und uns wieder ins Gleichgewicht bekommen! Mein Herz brennt mit jeder Faser f\u00fcr die Nat\u00fcrlichkeit. Seit meinem 6 Lebensmonat begleitet mich die Pflanzenheilkunde und hat mir seitdem durch vielen Krankheiten und schwere [&hellip;]<\/p>\n","protected":false},"author":3,"featured_media":0,"parent":0,"menu_order":0,"comment_status":"closed","ping_status":"closed","template":"","meta":{"_et_pb_use_builder":"on","_et_pb_old_content":"","_et_gb_content_width":"","footnotes":""},"class_list":["post-208931","page","type-page","status-publish","hentry"],"_links":{"self":[{"href":"https:\/\/jacquelinebreden.com\/index.php?rest_route=\/wp\/v2\/pages\/208931","targetHints":{"allow":["GET"]}}],"collection":[{"href":"https:\/\/jacquelinebreden.com\/index.php?rest_route=\/wp\/v2\/pages"}],"about":[{"href":"https:\/\/jacquelinebreden.com\/index.php?rest_route=\/wp\/v2\/types\/page"}],"author":[{"embeddable":true,"href":"https:\/\/jacquelinebreden.com\/index.php?rest_route=\/wp\/v2\/users\/3"}],"replies":[{"embeddable":true,"href":"https:\/\/jacquelinebreden.com\/index.php?rest_route=%2Fwp%2Fv2%2Fcomments&post=208931"}],"version-history":[{"count":9,"href":"https:\/\/jacquelinebreden.com\/index.php?rest_route=\/wp\/v2\/pages\/208931\/revisions"}],"predecessor-version":[{"id":209313,"href":"https:\/\/jacquelinebreden.com\/index.php?rest_route=\/wp\/v2\/pages\/208931\/revisions\/209313"}],"wp:attachment":[{"href":"https:\/\/jacquelinebreden.com\/index.php?rest_route=%2Fwp%2Fv2%2Fmedia&parent=208931"}],"curies":[{"name":"wp","href":"https:\/\/api.w.org\/{rel}","templated":true}]}}